{"id":2307,"date":"2018-04-02T21:02:58","date_gmt":"2018-04-03T01:02:58","guid":{"rendered":"https:\/\/devmamorel.alex-wp.com\/?page_id=2307"},"modified":"2024-02-29T15:43:18","modified_gmt":"2024-02-29T20:43:18","slug":"contact","status":"publish","type":"page","link":"https:\/\/devmam.alex-wp.com\/en\/contact\/","title":{"rendered":"Contact"},"content":{"rendered":"<p>[et_pb_section fb_built=&#8221;1&#8243; _builder_version=&#8221;4.20.2&#8243; background_color=&#8221;rgba(38,38,38,0.56)&#8221; background_image=&#8221;https:\/\/devmam.alex-wp.com\/wp-content\/uploads\/2023\/03\/mockup-of-a-woman-working-on-a-macbook-2316-el1.png&#8221; background_position=&#8221;bottom_center&#8221; background_blend=&#8221;hue&#8221; custom_padding=&#8221;79px||79px||true|false&#8221; global_colors_info=&#8221;{}&#8221;][et_pb_row _builder_version=&#8221;4.16&#8243; background_size=&#8221;initial&#8221; background_position=&#8221;top_left&#8221; background_repeat=&#8221;repeat&#8221; global_colors_info=&#8221;{}&#8221;][et_pb_column type=&#8221;4_4&#8243; _builder_version=&#8221;4.16&#8243; custom_padding=&#8221;|||&#8221; global_colors_info=&#8221;{}&#8221; custom_padding__hover=&#8221;|||&#8221;][et_pb_text _builder_version=&#8221;4.16&#8243; text_font=&#8221;||||||||&#8221; header_font=&#8221;|600|||||||&#8221; header_font_size=&#8221;47px&#8221; header_letter_spacing=&#8221;2px&#8221; background_layout=&#8221;dark&#8221; module_alignment=&#8221;center&#8221; header_font_size_tablet=&#8221;40px&#8221; header_font_size_phone=&#8221;35px&#8221; header_font_size_last_edited=&#8221;on|phone&#8221; global_colors_info=&#8221;{}&#8221;]<\/p>\n<h1 class=\"p1\" style=\"text-align: center;\"><span class=\"s1\">Contact<\/span><\/h1>\n<p>[\/et_pb_text][\/et_pb_column][\/et_pb_row][\/et_pb_section][et_pb_section fb_built=&#8221;1&#8243; _builder_version=&#8221;4.16&#8243; custom_padding=&#8221;54px|0px|122px|0px&#8221; global_colors_info=&#8221;{}&#8221;][et_pb_row _builder_version=&#8221;4.16&#8243; background_size=&#8221;initial&#8221; background_position=&#8221;top_left&#8221; background_repeat=&#8221;repeat&#8221; custom_padding=&#8221;27px|0px|0|0px&#8221; global_colors_info=&#8221;{}&#8221;][et_pb_column type=&#8221;4_4&#8243; _builder_version=&#8221;4.16&#8243; custom_padding=&#8221;|||&#8221; global_colors_info=&#8221;{}&#8221; custom_padding__hover=&#8221;|||&#8221;][et_pb_text _builder_version=&#8221;4.23.1&#8243; header_font=&#8221;||||||||&#8221; header_2_font=&#8221;||||||||&#8221; header_2_font_size=&#8221;1.5em&#8221; module_alignment=&#8221;center&#8221; custom_margin=&#8221;||5px|&#8221; hover_enabled=&#8221;0&#8243; header_2_font_size_tablet=&#8221;1.25em&#8221; header_2_font_size_phone=&#8221;1em&#8221; header_2_font_size_last_edited=&#8221;on|phone&#8221; global_colors_info=&#8221;{}&#8221; sticky_enabled=&#8221;0&#8243;]<\/p>\n<h2 class=\"p1\" style=\"text-align: center;\"><span class=\"s1\">Let&#8217;s schedule a discovery call!<br \/><\/span><\/h2>\n<p>[\/et_pb_text][et_pb_text _builder_version=&#8221;4.23.1&#8243; header_font=&#8221;||||||||&#8221; header_2_font=&#8221;||||||||&#8221; header_2_font_size=&#8221;1.5em&#8221; module_alignment=&#8221;center&#8221; custom_margin=&#8221;||5px|&#8221; hover_enabled=&#8221;0&#8243; header_2_font_size_tablet=&#8221;1.25em&#8221; header_2_font_size_phone=&#8221;1em&#8221; header_2_font_size_last_edited=&#8221;on|phone&#8221; global_colors_info=&#8221;{}&#8221; sticky_enabled=&#8221;0&#8243;]<\/p>\n<p class=\"p1\" style=\"text-align: center;\"><span class=\"s1\">Write or call us<br \/>514 439-9947<br \/><\/span><\/p>\n<p>[\/et_pb_text][et_pb_text _builder_version=&#8221;4.16&#8243; text_font=&#8221;|300|||||||&#8221; text_font_size=&#8221;16px&#8221; header_font=&#8221;||||||||&#8221; module_alignment=&#8221;center&#8221; custom_margin=&#8221;||0px|&#8221; global_colors_info=&#8221;{}&#8221;]<\/p>\n<div class=\"vc_row wpb_row section vc_row-fluid grid_section\" style=\"text-align: center;\">\n<div class=\" section_inner clearfix\">\n<div class=\"section_inner_margin clearfix\">\n<div class=\"wpb_column vc_column_container vc_col-sm-12 vc_col-lg-offset-2 vc_col-lg-8 vc_col-md-offset-0 vc_col-md-12 vc_col-sm-offset-0\">\n<div class=\"vc_column-inner vc_custom_1457006046331\">\n<div class=\"wpb_wrapper\">\n<div class=\"wpb_text_column wpb_content_element \">\n<div class=\"wpb_wrapper\">\n<p class=\"p1\" style=\"text-align: center;\">\n<\/div>\n<\/div>\n<\/div>\n<\/div>\n<\/div>\n<\/div>\n<\/div>\n<\/div>\n<div class=\"vc_row wpb_row section vc_row-fluid \" style=\"text-align: center;\">\n<div class=\" full_section_inner clearfix\">\n<div class=\"wpb_column vc_column_container vc_col-sm-12\">\n<div class=\"vc_column-inner \">\n<div class=\"wpb_wrapper\"><\/div>\n<\/div>\n<\/div>\n<\/div>\n<\/div>\n<p>[\/et_pb_text][et_pb_divider color=&#8221;#d6d6d6&#8243; divider_position=&#8221;bottom&#8221; divider_weight=&#8221;2px&#8221; _builder_version=&#8221;4.16&#8243; max_width=&#8221;5%&#8221; module_alignment=&#8221;center&#8221; height=&#8221;0px&#8221; custom_margin=&#8221;0px|||&#8221; global_colors_info=&#8221;{}&#8221;][\/et_pb_divider][\/et_pb_column][\/et_pb_row][et_pb_row column_structure=&#8221;1_4,3_4&#8243; use_custom_gutter=&#8221;on&#8221; gutter_width=&#8221;2&#8243; _builder_version=&#8221;4.16&#8243; custom_margin=&#8221;50px|||&#8221; global_colors_info=&#8221;{}&#8221;][et_pb_column type=&#8221;1_4&#8243; _builder_version=&#8221;4.16&#8243; custom_padding=&#8221;|||&#8221; global_colors_info=&#8221;{}&#8221; custom_padding__hover=&#8221;|||&#8221;][et_pb_social_media_follow url_new_window=&#8221;off&#8221; _builder_version=&#8221;4.20.2&#8243; text_orientation=&#8221;left&#8221; max_width=&#8221;93%&#8221; custom_margin=&#8221;9px|||&#8221; global_colors_info=&#8221;{}&#8221;][et_pb_social_media_follow_network social_network=&#8221;youtube&#8221; url=&#8221;https:\/\/www.youtube.com\/channel\/UCey6k0UosX9ocvXXP2K22pg&#8221; _builder_version=&#8221;4.20.2&#8243; _module_preset=&#8221;default&#8221; background_color=&#8221;#a82400&#8243; global_colors_info=&#8221;{}&#8221; follow_button=&#8221;off&#8221; url_new_window=&#8221;off&#8221;]youtube[\/et_pb_social_media_follow_network][et_pb_social_media_follow_network social_network=&#8221;linkedin&#8221; url=&#8221;https:\/\/www.linkedin.com\/in\/marc-andr%C3%A9-morel-conf%C3%A9rencier-keynote-speaker\/&#8221; _builder_version=&#8221;4.20.2&#8243; _module_preset=&#8221;default&#8221; background_color=&#8221;#007bb6&#8243; global_colors_info=&#8221;{}&#8221; follow_button=&#8221;off&#8221; url_new_window=&#8221;off&#8221;]linkedin[\/et_pb_social_media_follow_network][\/et_pb_social_media_follow][\/et_pb_column][et_pb_column type=&#8221;3_4&#8243; _builder_version=&#8221;4.16&#8243; custom_padding=&#8221;|||&#8221; global_colors_info=&#8221;{}&#8221; custom_padding__hover=&#8221;|||&#8221;][et_pb_code _builder_version=&#8221;4.23&#8243; min_height=&#8221;36px&#8221; global_colors_info=&#8221;{}&#8221;][contact-form-7 id=&#8221;c334e2f&#8221; title=&#8221;Formulaire contact anglais&#8221;][\/et_pb_code][\/et_pb_column][\/et_pb_row][\/et_pb_section]<\/p>\n","protected":false},"excerpt":{"rendered":"<p>Contact Let&#8217;s schedule a discovery call! Write&#8230;<\/p>\n","protected":false},"author":2,"featured_media":10755,"parent":0,"menu_order":60,"comment_status":"closed","ping_status":"closed","template":"","meta":{"_acf_changed":false,"_et_pb_use_builder":"on","_et_pb_old_content":"","_et_gb_content_width":"","footnotes":""},"class_list":["post-2307","page","type-page","status-publish","has-post-thumbnail","hentry"],"acf":[],"yoast_head":"<!-- This site is optimized with the Yoast SEO Premium plugin v22.3 (Yoast SEO v27.4) - https:\/\/yoast.com\/product\/yoast-seo-premium-wordpress\/ -->\n<title>Contact | Marc Andr\u00e9 Morel Speaker<\/title>\n<meta name=\"description\" content=\"Tell us about yourself and the conference you are looking for! Contact Marc Andr\u00e9 Morel today about your event!\" \/>\n<meta name=\"robots\" content=\"index, follow, max-snippet:-1, max-image-preview:large, max-video-preview:-1\" \/>\n<link rel=\"canonical\" href=\"https:\/\/devmam.alex-wp.com\/en\/contact\/\" \/>\n<meta property=\"og:locale\" content=\"en_US\" \/>\n<meta property=\"og:type\" content=\"article\" \/>\n<meta property=\"og:title\" content=\"Contact | Marc Andr\u00e9 Morel Speaker\" \/>\n<meta property=\"og:description\" content=\"Tell us about yourself and the conference you are looking for! Contact Marc Andr\u00e9 Morel today about your event!\" \/>\n<meta property=\"og:url\" content=\"https:\/\/devmam.alex-wp.com\/en\/contact\/\" \/>\n<meta property=\"og:site_name\" content=\"Marc Andr\u00e9 Morel Conf\u00e9rencier\" \/>\n<meta property=\"article:publisher\" content=\"https:\/\/www.facebook.com\/MarcAndreMorelConferencier\" \/>\n<meta property=\"article:modified_time\" content=\"2024-02-29T20:43:18+00:00\" \/>\n<meta property=\"og:image\" content=\"https:\/\/devmam.alex-wp.com\/wp-content\/uploads\/2023\/08\/marc_andre_more_live_seo.jpg\" \/>\n\t<meta property=\"og:image:width\" content=\"1200\" \/>\n\t<meta property=\"og:image:height\" content=\"675\" \/>\n\t<meta property=\"og:image:type\" content=\"image\/jpeg\" \/>\n<meta name=\"twitter:card\" content=\"summary_large_image\" \/>\n<meta name=\"twitter:title\" content=\"Contact | Marc Andr\u00e9 Morel Speaker\" \/>\n<meta name=\"twitter:description\" content=\"Tell us about yourself and the conference you are looking for! Contact Marc Andr\u00e9 Morel today about your event!\" \/>\n<meta name=\"twitter:image\" content=\"https:\/\/devmam.alex-wp.com\/wp-content\/uploads\/2023\/08\/marc_andre_more_live_seo.jpg\" \/>\n<meta name=\"twitter:site\" content=\"@MarcAndreMorel\" \/>\n<meta name=\"twitter:label1\" content=\"Est. reading time\" \/>\n\t<meta name=\"twitter:data1\" content=\"1 minute\" \/>\n<script type=\"application\/ld+json\" class=\"yoast-schema-graph\">{\"@context\":\"https:\\\/\\\/schema.org\",\"@graph\":[{\"@type\":[\"Article\",\"BlogPosting\"],\"@id\":\"https:\\\/\\\/devmam.alex-wp.com\\\/en\\\/contact\\\/#article\",\"isPartOf\":{\"@id\":\"https:\\\/\\\/devmam.alex-wp.com\\\/en\\\/contact\\\/\"},\"author\":{\"name\":\"Marc Andr\u00e9 Morel\",\"@id\":\"https:\\\/\\\/devmam.alex-wp.com\\\/en\\\/#\\\/schema\\\/person\\\/8579cfe4fa928def33194c260e3920bf\"},\"headline\":\"Contact\",\"datePublished\":\"2018-04-03T01:02:58+00:00\",\"dateModified\":\"2024-02-29T20:43:18+00:00\",\"mainEntityOfPage\":{\"@id\":\"https:\\\/\\\/devmam.alex-wp.com\\\/en\\\/contact\\\/\"},\"wordCount\":546,\"publisher\":{\"@id\":\"https:\\\/\\\/devmam.alex-wp.com\\\/en\\\/#organization\"},\"image\":{\"@id\":\"https:\\\/\\\/devmam.alex-wp.com\\\/en\\\/contact\\\/#primaryimage\"},\"thumbnailUrl\":\"https:\\\/\\\/devmam.alex-wp.com\\\/wp-content\\\/uploads\\\/2023\\\/08\\\/marc_adre_morel_live_carre.jpg\",\"inLanguage\":\"en-US\"},{\"@type\":\"WebPage\",\"@id\":\"https:\\\/\\\/devmam.alex-wp.com\\\/en\\\/contact\\\/\",\"url\":\"https:\\\/\\\/devmam.alex-wp.com\\\/en\\\/contact\\\/\",\"name\":\"Contact | Marc Andr\u00e9 Morel Speaker\",\"isPartOf\":{\"@id\":\"https:\\\/\\\/devmam.alex-wp.com\\\/en\\\/#website\"},\"primaryImageOfPage\":{\"@id\":\"https:\\\/\\\/devmam.alex-wp.com\\\/en\\\/contact\\\/#primaryimage\"},\"image\":{\"@id\":\"https:\\\/\\\/devmam.alex-wp.com\\\/en\\\/contact\\\/#primaryimage\"},\"thumbnailUrl\":\"https:\\\/\\\/devmam.alex-wp.com\\\/wp-content\\\/uploads\\\/2023\\\/08\\\/marc_adre_morel_live_carre.jpg\",\"datePublished\":\"2018-04-03T01:02:58+00:00\",\"dateModified\":\"2024-02-29T20:43:18+00:00\",\"description\":\"Tell us about yourself and the conference you are looking for! Contact Marc Andr\u00e9 Morel today about your event!\",\"breadcrumb\":{\"@id\":\"https:\\\/\\\/devmam.alex-wp.com\\\/en\\\/contact\\\/#breadcrumb\"},\"inLanguage\":\"en-US\",\"potentialAction\":[{\"@type\":\"ReadAction\",\"target\":[\"https:\\\/\\\/devmam.alex-wp.com\\\/en\\\/contact\\\/\"]}]},{\"@type\":\"ImageObject\",\"inLanguage\":\"en-US\",\"@id\":\"https:\\\/\\\/devmam.alex-wp.com\\\/en\\\/contact\\\/#primaryimage\",\"url\":\"https:\\\/\\\/devmam.alex-wp.com\\\/wp-content\\\/uploads\\\/2023\\\/08\\\/marc_adre_morel_live_carre.jpg\",\"contentUrl\":\"https:\\\/\\\/devmam.alex-wp.com\\\/wp-content\\\/uploads\\\/2023\\\/08\\\/marc_adre_morel_live_carre.jpg\",\"width\":696,\"height\":696,\"caption\":\"Marc Andr\u00e9 Morel Live!\"},{\"@type\":\"BreadcrumbList\",\"@id\":\"https:\\\/\\\/devmam.alex-wp.com\\\/en\\\/contact\\\/#breadcrumb\",\"itemListElement\":[{\"@type\":\"ListItem\",\"position\":1,\"name\":\"Accueil\",\"item\":\"https:\\\/\\\/devmam.alex-wp.com\\\/en\\\/\"},{\"@type\":\"ListItem\",\"position\":2,\"name\":\"Contact\"}]},{\"@type\":\"WebSite\",\"@id\":\"https:\\\/\\\/devmam.alex-wp.com\\\/en\\\/#website\",\"url\":\"https:\\\/\\\/devmam.alex-wp.com\\\/en\\\/\",\"name\":\"Marc Andr\u00e9 Morel conf\u00e9rencier\",\"description\":\"Donnez un visage humain \u00e0 votre r\u00e9ussite\",\"publisher\":{\"@id\":\"https:\\\/\\\/devmam.alex-wp.com\\\/en\\\/#organization\"},\"alternateName\":\"Marc Andr\u00e9 Morel\",\"potentialAction\":[{\"@type\":\"SearchAction\",\"target\":{\"@type\":\"EntryPoint\",\"urlTemplate\":\"https:\\\/\\\/devmam.alex-wp.com\\\/en\\\/?s={search_term_string}\"},\"query-input\":{\"@type\":\"PropertyValueSpecification\",\"valueRequired\":true,\"valueName\":\"search_term_string\"}}],\"inLanguage\":\"en-US\"},{\"@type\":\"Organization\",\"@id\":\"https:\\\/\\\/devmam.alex-wp.com\\\/en\\\/#organization\",\"name\":\"Marc Andr\u00e9 Morel conf\u00e9rencier\",\"alternateName\":\"Marc Andr\u00e9 Morel\",\"url\":\"https:\\\/\\\/devmam.alex-wp.com\\\/en\\\/\",\"logo\":{\"@type\":\"ImageObject\",\"inLanguage\":\"en-US\",\"@id\":\"https:\\\/\\\/devmam.alex-wp.com\\\/en\\\/#\\\/schema\\\/logo\\\/image\\\/\",\"url\":\"https:\\\/\\\/devmam.alex-wp.com\\\/wp-content\\\/uploads\\\/2023\\\/11\\\/accueil_carre.jpg\",\"contentUrl\":\"https:\\\/\\\/devmam.alex-wp.com\\\/wp-content\\\/uploads\\\/2023\\\/11\\\/accueil_carre.jpg\",\"width\":696,\"height\":696,\"caption\":\"Marc Andr\u00e9 Morel conf\u00e9rencier\"},\"image\":{\"@id\":\"https:\\\/\\\/devmam.alex-wp.com\\\/en\\\/#\\\/schema\\\/logo\\\/image\\\/\"},\"sameAs\":[\"https:\\\/\\\/www.facebook.com\\\/MarcAndreMorelConferencier\",\"https:\\\/\\\/x.com\\\/MarcAndreMorel\",\"https:\\\/\\\/www.linkedin.com\\\/in\\\/marc-andr\u00e9-morel-conf\u00e9rencier-keynote-speaker\\\/?locale=fr_FR\",\"https:\\\/\\\/www.youtube.com\\\/channel\\\/UCey6k0UosX9ocvXXP2K22pg\",\"https:\\\/\\\/www.instagram.com\\\/marcandremorel_csp\\\/\"]},{\"@type\":\"Person\",\"@id\":\"https:\\\/\\\/devmam.alex-wp.com\\\/en\\\/#\\\/schema\\\/person\\\/8579cfe4fa928def33194c260e3920bf\",\"name\":\"Marc Andr\u00e9 Morel\",\"image\":{\"@type\":\"ImageObject\",\"inLanguage\":\"en-US\",\"@id\":\"https:\\\/\\\/devmam.alex-wp.com\\\/wp-content\\\/litespeed\\\/avatar\\\/572927a279661087f07a6fdad71df257.jpg?ver=1776381235\",\"url\":\"https:\\\/\\\/devmam.alex-wp.com\\\/wp-content\\\/litespeed\\\/avatar\\\/572927a279661087f07a6fdad71df257.jpg?ver=1776381235\",\"contentUrl\":\"https:\\\/\\\/devmam.alex-wp.com\\\/wp-content\\\/litespeed\\\/avatar\\\/572927a279661087f07a6fdad71df257.jpg?ver=1776381235\",\"caption\":\"Marc Andr\u00e9 Morel\"},\"url\":\"https:\\\/\\\/devmam.alex-wp.com\\\/en\\\/author\\\/marc-andre\\\/\"}]}<\/script>\n<!-- \/ Yoast SEO Premium plugin. -->","yoast_head_json":{"title":"Contact | Marc Andr\u00e9 Morel Speaker","description":"Tell us about yourself and the conference you are looking for! Contact Marc Andr\u00e9 Morel today about your event!","robots":{"index":"index","follow":"follow","max-snippet":"max-snippet:-1","max-image-preview":"max-image-preview:large","max-video-preview":"max-video-preview:-1"},"canonical":"https:\/\/devmam.alex-wp.com\/en\/contact\/","og_locale":"en_US","og_type":"article","og_title":"Contact | Marc Andr\u00e9 Morel Speaker","og_description":"Tell us about yourself and the conference you are looking for! Contact Marc Andr\u00e9 Morel today about your event!","og_url":"https:\/\/devmam.alex-wp.com\/en\/contact\/","og_site_name":"Marc Andr\u00e9 Morel Conf\u00e9rencier","article_publisher":"https:\/\/www.facebook.com\/MarcAndreMorelConferencier","article_modified_time":"2024-02-29T20:43:18+00:00","og_image":[{"width":1200,"height":675,"url":"https:\/\/devmam.alex-wp.com\/wp-content\/uploads\/2023\/08\/marc_andre_more_live_seo.jpg","type":"image\/jpeg"}],"twitter_card":"summary_large_image","twitter_title":"Contact | Marc Andr\u00e9 Morel Speaker","twitter_description":"Tell us about yourself and the conference you are looking for! Contact Marc Andr\u00e9 Morel today about your event!","twitter_image":"https:\/\/devmam.alex-wp.com\/wp-content\/uploads\/2023\/08\/marc_andre_more_live_seo.jpg","twitter_site":"@MarcAndreMorel","twitter_misc":{"Est. reading time":"1 minute"},"schema":{"@context":"https:\/\/schema.org","@graph":[{"@type":["Article","BlogPosting"],"@id":"https:\/\/devmam.alex-wp.com\/en\/contact\/#article","isPartOf":{"@id":"https:\/\/devmam.alex-wp.com\/en\/contact\/"},"author":{"name":"Marc Andr\u00e9 Morel","@id":"https:\/\/devmam.alex-wp.com\/en\/#\/schema\/person\/8579cfe4fa928def33194c260e3920bf"},"headline":"Contact","datePublished":"2018-04-03T01:02:58+00:00","dateModified":"2024-02-29T20:43:18+00:00","mainEntityOfPage":{"@id":"https:\/\/devmam.alex-wp.com\/en\/contact\/"},"wordCount":546,"publisher":{"@id":"https:\/\/devmam.alex-wp.com\/en\/#organization"},"image":{"@id":"https:\/\/devmam.alex-wp.com\/en\/contact\/#primaryimage"},"thumbnailUrl":"https:\/\/devmam.alex-wp.com\/wp-content\/uploads\/2023\/08\/marc_adre_morel_live_carre.jpg","inLanguage":"en-US"},{"@type":"WebPage","@id":"https:\/\/devmam.alex-wp.com\/en\/contact\/","url":"https:\/\/devmam.alex-wp.com\/en\/contact\/","name":"Contact | Marc Andr\u00e9 Morel Speaker","isPartOf":{"@id":"https:\/\/devmam.alex-wp.com\/en\/#website"},"primaryImageOfPage":{"@id":"https:\/\/devmam.alex-wp.com\/en\/contact\/#primaryimage"},"image":{"@id":"https:\/\/devmam.alex-wp.com\/en\/contact\/#primaryimage"},"thumbnailUrl":"https:\/\/devmam.alex-wp.com\/wp-content\/uploads\/2023\/08\/marc_adre_morel_live_carre.jpg","datePublished":"2018-04-03T01:02:58+00:00","dateModified":"2024-02-29T20:43:18+00:00","description":"Tell us about yourself and the conference you are looking for! Contact Marc Andr\u00e9 Morel today about your event!","breadcrumb":{"@id":"https:\/\/devmam.alex-wp.com\/en\/contact\/#breadcrumb"},"inLanguage":"en-US","potentialAction":[{"@type":"ReadAction","target":["https:\/\/devmam.alex-wp.com\/en\/contact\/"]}]},{"@type":"ImageObject","inLanguage":"en-US","@id":"https:\/\/devmam.alex-wp.com\/en\/contact\/#primaryimage","url":"https:\/\/devmam.alex-wp.com\/wp-content\/uploads\/2023\/08\/marc_adre_morel_live_carre.jpg","contentUrl":"https:\/\/devmam.alex-wp.com\/wp-content\/uploads\/2023\/08\/marc_adre_morel_live_carre.jpg","width":696,"height":696,"caption":"Marc Andr\u00e9 Morel Live!"},{"@type":"BreadcrumbList","@id":"https:\/\/devmam.alex-wp.com\/en\/contact\/#breadcrumb","itemListElement":[{"@type":"ListItem","position":1,"name":"Accueil","item":"https:\/\/devmam.alex-wp.com\/en\/"},{"@type":"ListItem","position":2,"name":"Contact"}]},{"@type":"WebSite","@id":"https:\/\/devmam.alex-wp.com\/en\/#website","url":"https:\/\/devmam.alex-wp.com\/en\/","name":"Marc Andr\u00e9 Morel conf\u00e9rencier","description":"Donnez un visage humain \u00e0 votre r\u00e9ussite","publisher":{"@id":"https:\/\/devmam.alex-wp.com\/en\/#organization"},"alternateName":"Marc Andr\u00e9 Morel","potentialAction":[{"@type":"SearchAction","target":{"@type":"EntryPoint","urlTemplate":"https:\/\/devmam.alex-wp.com\/en\/?s={search_term_string}"},"query-input":{"@type":"PropertyValueSpecification","valueRequired":true,"valueName":"search_term_string"}}],"inLanguage":"en-US"},{"@type":"Organization","@id":"https:\/\/devmam.alex-wp.com\/en\/#organization","name":"Marc Andr\u00e9 Morel conf\u00e9rencier","alternateName":"Marc Andr\u00e9 Morel","url":"https:\/\/devmam.alex-wp.com\/en\/","logo":{"@type":"ImageObject","inLanguage":"en-US","@id":"https:\/\/devmam.alex-wp.com\/en\/#\/schema\/logo\/image\/","url":"https:\/\/devmam.alex-wp.com\/wp-content\/uploads\/2023\/11\/accueil_carre.jpg","contentUrl":"https:\/\/devmam.alex-wp.com\/wp-content\/uploads\/2023\/11\/accueil_carre.jpg","width":696,"height":696,"caption":"Marc Andr\u00e9 Morel conf\u00e9rencier"},"image":{"@id":"https:\/\/devmam.alex-wp.com\/en\/#\/schema\/logo\/image\/"},"sameAs":["https:\/\/www.facebook.com\/MarcAndreMorelConferencier","https:\/\/x.com\/MarcAndreMorel","https:\/\/www.linkedin.com\/in\/marc-andr\u00e9-morel-conf\u00e9rencier-keynote-speaker\/?locale=fr_FR","https:\/\/www.youtube.com\/channel\/UCey6k0UosX9ocvXXP2K22pg","https:\/\/www.instagram.com\/marcandremorel_csp\/"]},{"@type":"Person","@id":"https:\/\/devmam.alex-wp.com\/en\/#\/schema\/person\/8579cfe4fa928def33194c260e3920bf","name":"Marc Andr\u00e9 Morel","image":{"@type":"ImageObject","inLanguage":"en-US","@id":"https:\/\/devmam.alex-wp.com\/wp-content\/litespeed\/avatar\/572927a279661087f07a6fdad71df257.jpg?ver=1776381235","url":"https:\/\/devmam.alex-wp.com\/wp-content\/litespeed\/avatar\/572927a279661087f07a6fdad71df257.jpg?ver=1776381235","contentUrl":"https:\/\/devmam.alex-wp.com\/wp-content\/litespeed\/avatar\/572927a279661087f07a6fdad71df257.jpg?ver=1776381235","caption":"Marc Andr\u00e9 Morel"},"url":"https:\/\/devmam.alex-wp.com\/en\/author\/marc-andre\/"}]}},"_links":{"self":[{"href":"https:\/\/devmam.alex-wp.com\/en\/wp-json\/wp\/v2\/pages\/2307","targetHints":{"allow":["GET"]}}],"collection":[{"href":"https:\/\/devmam.alex-wp.com\/en\/wp-json\/wp\/v2\/pages"}],"about":[{"href":"https:\/\/devmam.alex-wp.com\/en\/wp-json\/wp\/v2\/types\/page"}],"author":[{"embeddable":true,"href":"https:\/\/devmam.alex-wp.com\/en\/wp-json\/wp\/v2\/users\/2"}],"replies":[{"embeddable":true,"href":"https:\/\/devmam.alex-wp.com\/en\/wp-json\/wp\/v2\/comments?post=2307"}],"version-history":[{"count":0,"href":"https:\/\/devmam.alex-wp.com\/en\/wp-json\/wp\/v2\/pages\/2307\/revisions"}],"wp:featuredmedia":[{"embeddable":true,"href":"https:\/\/devmam.alex-wp.com\/en\/wp-json\/wp\/v2\/media\/10755"}],"wp:attachment":[{"href":"https:\/\/devmam.alex-wp.com\/en\/wp-json\/wp\/v2\/media?parent=2307"}],"curies":[{"name":"wp","href":"https:\/\/api.w.org\/{rel}","templated":true}]}}